{"id":6542,"date":"2020-01-17T00:50:32","date_gmt":"2020-01-17T00:50:32","guid":{"rendered":"https:\/\/tbhilfe.org\/?page_id=6542"},"modified":"2024-03-26T10:03:20","modified_gmt":"2024-03-26T10:03:20","slug":"thuc-tap-tai-fit","status":"publish","type":"page","link":"https:\/\/tbhilfe.org\/?page_id=6542&lang=vi","title":{"rendered":"Th\u1ef1c t\u1eadp t\u1ea1i FIT"},"content":{"rendered":"\t\t<div data-elementor-type=\"wp-page\" data-elementor-id=\"6542\" class=\"elementor elementor-6542 elementor-1211\" data-elementor-post-type=\"page\">\n\t\t\t\t\t\t<section class=\"elementor-section elementor-top-section elementor-element elementor-element-4014c67 elementor-section-stretched elementor-section-height-min-height elementor-section-items-top elementor-section-boxed elementor-section-height-default\" data-id=\"4014c67\" data-element_type=\"section\" data-settings=\"{&quot;stretch_section&quot;:&quot;section-stretched&quot;,&quot;background_background&quot;:&quot;classic&quot;}\">\n\t\t\t\t\t\t<div class=\"elementor-container elementor-column-gap-no\">\n\t\t\t\t\t<div class=\"elementor-column elementor-col-100 elementor-top-column elementor-element elementor-element-9490680\" data-id=\"9490680\" data-element_type=\"column\">\n\t\t\t<div class=\"elementor-widget-wrap elementor-element-populated\">\n\t\t\t\t\t\t<div class=\"elementor-element elementor-element-8a15638 elementor-widget elementor-widget-heading\" data-id=\"8a15638\" data-element_type=\"widget\" data-widget_type=\"heading.default\">\n\t\t\t\t<div class=\"elementor-widget-container\">\n\t\t\t<h2 class=\"elementor-heading-title elementor-size-default\">Th\u1ef1c t\u1eadp t\u1ea1i FIT<\/h2>\t\t<\/div>\n\t\t\t\t<\/div>\n\t\t\t\t\t<\/div>\n\t\t<\/div>\n\t\t\t\t\t<\/div>\n\t\t<\/section>\n\t\t\t\t<section class=\"elementor-section elementor-top-section elementor-element elementor-element-9d932f3 elementor-section-boxed elementor-section-height-default elementor-section-height-default\" data-id=\"9d932f3\" data-element_type=\"section\">\n\t\t\t\t\t\t<div class=\"elementor-container elementor-column-gap-default\">\n\t\t\t\t\t<div class=\"elementor-column elementor-col-100 elementor-top-column elementor-element elementor-element-2afdca6\" data-id=\"2afdca6\" data-element_type=\"column\">\n\t\t\t<div class=\"elementor-widget-wrap elementor-element-populated\">\n\t\t\t\t\t\t<div class=\"elementor-element elementor-element-27d3693 elementor-widget elementor-widget-heading\" data-id=\"27d3693\" data-element_type=\"widget\" data-widget_type=\"heading.default\">\n\t\t\t\t<div class=\"elementor-widget-container\">\n\t\t\t<h2 class=\"elementor-heading-title elementor-size-default\">B\u1ea1n quan t\u00e2m \u0111\u1ebfn vi\u1ec7c b\u1eaft \u0111\u1ea7u s\u1ef1 nghi\u1ec7p trong l\u0129nh v\u1ef1c y t\u1ebf c\u00f4ng c\u1ed9ng?<\/h2>\t\t<\/div>\n\t\t\t\t<\/div>\n\t\t\t\t\t<\/div>\n\t\t<\/div>\n\t\t\t\t\t<\/div>\n\t\t<\/section>\n\t\t\t\t<section class=\"elementor-section elementor-top-section elementor-element elementor-element-5685ff7 elementor-section-boxed elementor-section-height-default elementor-section-height-default\" data-id=\"5685ff7\" data-element_type=\"section\">\n\t\t\t\t\t\t<div class=\"elementor-container elementor-column-gap-default\">\n\t\t\t\t\t<div class=\"elementor-column elementor-col-100 elementor-top-column elementor-element elementor-element-733ac6d\" data-id=\"733ac6d\" data-element_type=\"column\">\n\t\t\t<div class=\"elementor-widget-wrap elementor-element-populated\">\n\t\t\t\t\t\t<div class=\"elementor-element elementor-element-555b9ae elementor-widget elementor-widget-text-editor\" data-id=\"555b9ae\" data-element_type=\"widget\" data-widget_type=\"text-editor.default\">\n\t\t\t\t<div class=\"elementor-widget-container\">\n\t\t\t\t\t\t\t<p style=\"text-align: center;\">M\u1ed7i n\u0103m, ch\u00fang t\u00f4i tuy\u1ec3n d\u1ee5ng m\u1ed9t s\u1ed1 th\u1ef1c t\u1eadp sinh l\u00e0m vi\u1ec7c trong c\u00e1c d\u1ef1 \u00e1n nghi\u00ean c\u1ee9u, th\u1ef1c h\u00e0nh, lu\u1eadn \u00e1n ho\u1eb7c nghi\u00ean c\u1ee9u \u0111\u1ed9c l\u1eadp. N\u1ebfu b\u1ea1n mu\u1ed1n \u0111\u1ea1t \u0111\u01b0\u1ee3c m\u1ed9t s\u1ed1 kinh nghi\u1ec7m tri\u1ec3n khai ho\u1eb7c nghi\u00ean c\u1ee9u, vui l\u00f2ng g\u1eedi email \u0111\u1ebfn <a style=\"color: #00ccff;\" href=\"mailto:info@tbhelp.org\">info@tbhelp.org<\/a> \u0111\u1ec3 gi\u1edbi thi\u1ec7u b\u1ea3n th\u00e2n v\u00e0 cho ch\u00fang t\u00f4i bi\u1ebft v\u1ec1 s\u1edf th\u00edch c\u1ee7a b\u1ea1n. <\/p>\n\t\t\t\t\t\t<\/div>\n\t\t\t\t<\/div>\n\t\t\t\t\t<\/div>\n\t\t<\/div>\n\t\t\t\t\t<\/div>\n\t\t<\/section>\n\t\t\t\t<section class=\"elementor-section elementor-top-section elementor-element elementor-element-149f0e8 elementor-hidden-phone elementor-section-boxed elementor-section-height-default elementor-section-height-default\" data-id=\"149f0e8\" data-element_type=\"section\">\n\t\t\t\t\t\t<div class=\"elementor-container elementor-column-gap-default\">\n\t\t\t\t\t<div class=\"elementor-column elementor-col-100 elementor-top-column elementor-element elementor-element-d6089d0\" data-id=\"d6089d0\" data-element_type=\"column\">\n\t\t\t<div class=\"elementor-widget-wrap elementor-element-populated\">\n\t\t\t\t\t\t<div class=\"elementor-element elementor-element-ae6ba71 elementor-widget elementor-widget-heading\" data-id=\"ae6ba71\" data-element_type=\"widget\" data-widget_type=\"heading.default\">\n\t\t\t\t<div class=\"elementor-widget-container\">\n\t\t\t<h2 class=\"elementor-heading-title elementor-size-default\">C\u00e1c th\u1ef1c t\u1eadp sinh c\u1ee7a ch\u00fang t\u00f4i<\/h2>\t\t<\/div>\n\t\t\t\t<\/div>\n\t\t\t\t<div class=\"elementor-element elementor-element-d414b9e elementor-widget elementor-widget-shortcode\" data-id=\"d414b9e\" data-element_type=\"widget\" data-widget_type=\"shortcode.default\">\n\t\t\t\t<div class=\"elementor-widget-container\">\n\t\t\t\t\t<div class=\"elementor-shortcode\"><div id=\"awsm-team-2570\" class=\"awsm-grid-wrapper\">\n\t<\/div>\n<\/div>\n\t\t\t\t<\/div>\n\t\t\t\t<\/div>\n\t\t\t\t\t<\/div>\n\t\t<\/div>\n\t\t\t\t\t<\/div>\n\t\t<\/section>\n\t\t\t\t<section class=\"elementor-section elementor-top-section elementor-element elementor-element-64470f7 elementor-section-stretched elementor-section-full_width elementor-hidden-desktop elementor-section-height-default elementor-section-height-default\" data-id=\"64470f7\" data-element_type=\"section\" data-settings=\"{&quot;stretch_section&quot;:&quot;section-stretched&quot;}\">\n\t\t\t\t\t\t<div class=\"elementor-container elementor-column-gap-default\">\n\t\t\t\t\t<div class=\"elementor-column elementor-col-100 elementor-top-column elementor-element elementor-element-8d4083a\" data-id=\"8d4083a\" data-element_type=\"column\">\n\t\t\t<div class=\"elementor-widget-wrap elementor-element-populated\">\n\t\t\t\t\t\t<div class=\"elementor-element elementor-element-4c41afb elementor-widget elementor-widget-heading\" data-id=\"4c41afb\" data-element_type=\"widget\" data-widget_type=\"heading.default\">\n\t\t\t\t<div class=\"elementor-widget-container\">\n\t\t\t<h2 class=\"elementor-heading-title elementor-size-default\">C\u00e1c th\u1ef1c t\u1eadp sinh c\u1ee7a ch\u00fang t\u00f4i<\/h2>\t\t<\/div>\n\t\t\t\t<\/div>\n\t\t\t\t<div class=\"elementor-element elementor-element-b7b94e9 elementor-widget elementor-widget-shortcode\" data-id=\"b7b94e9\" data-element_type=\"widget\" data-widget_type=\"shortcode.default\">\n\t\t\t\t<div class=\"elementor-widget-container\">\n\t\t\t\t\t<div class=\"elementor-shortcode\"><div id=\"awsm-team-2570\" class=\"awsm-grid-wrapper\">\n\t<\/div>\n<\/div>\n\t\t\t\t<\/div>\n\t\t\t\t<\/div>\n\t\t\t\t\t<\/div>\n\t\t<\/div>\n\t\t\t\t\t<\/div>\n\t\t<\/section>\n\t\t\t\t<\/div>\n\t\t","protected":false},"excerpt":{"rendered":"<p>Th\u1ef1c t\u1eadp t\u1ea1i FIT B\u1ea1n quan t\u00e2m \u0111\u1ebfn vi\u1ec7c b\u1eaft \u0111\u1ea7u s\u1ef1 nghi\u1ec7p trong l\u0129nh v\u1ef1c y t\u1ebf c\u00f4ng c\u1ed9ng? M\u1ed7i n\u0103m, ch\u00fang t\u00f4i tuy\u1ec3n d\u1ee5ng m\u1ed9t s\u1ed1 th\u1ef1c t\u1eadp sinh l\u00e0m vi\u1ec7c trong c\u00e1c d\u1ef1 \u00e1n nghi\u00ean c\u1ee9u, th\u1ef1c h\u00e0nh, lu\u1eadn \u00e1n ho\u1eb7c nghi\u00ean c\u1ee9u \u0111\u1ed9c l\u1eadp. N\u1ebfu b\u1ea1n mu\u1ed1n \u0111\u1ea1t \u0111\u01b0\u1ee3c m\u1ed9t s\u1ed1&hellip;&nbsp;<a href=\"https:\/\/tbhilfe.org\/?page_id=6542&#038;lang=vi\" class=\"\" rel=\"bookmark\">Weiterlesen &raquo;<span class=\"screen-reader-text\">Th\u1ef1c t\u1eadp t\u1ea1i FIT<\/span><\/a><\/p>\n","protected":false},"author":2,"featured_media":0,"parent":0,"menu_order":0,"comment_status":"closed","ping_status":"closed","template":"","meta":{"_acf_changed":false,"neve_meta_sidebar":"","neve_meta_container":"","neve_meta_enable_content_width":"","neve_meta_content_width":0,"neve_meta_title_alignment":"","neve_meta_author_avatar":"","neve_post_elements_order":"","neve_meta_disable_header":"","neve_meta_disable_footer":"","neve_meta_disable_title":"","footnotes":""},"acf":[],"_links":{"self":[{"href":"https:\/\/tbhilfe.org\/index.php?rest_route=\/wp\/v2\/pages\/6542"}],"collection":[{"href":"https:\/\/tbhilfe.org\/index.php?rest_route=\/wp\/v2\/pages"}],"about":[{"href":"https:\/\/tbhilfe.org\/index.php?rest_route=\/wp\/v2\/types\/page"}],"author":[{"embeddable":true,"href":"https:\/\/tbhilfe.org\/index.php?rest_route=\/wp\/v2\/users\/2"}],"replies":[{"embeddable":true,"href":"https:\/\/tbhilfe.org\/index.php?rest_route=%2Fwp%2Fv2%2Fcomments&post=6542"}],"version-history":[{"count":10,"href":"https:\/\/tbhilfe.org\/index.php?rest_route=\/wp\/v2\/pages\/6542\/revisions"}],"predecessor-version":[{"id":7162,"href":"https:\/\/tbhilfe.org\/index.php?rest_route=\/wp\/v2\/pages\/6542\/revisions\/7162"}],"wp:attachment":[{"href":"https:\/\/tbhilfe.org\/index.php?rest_route=%2Fwp%2Fv2%2Fmedia&parent=6542"}],"curies":[{"name":"wp","href":"https:\/\/api.w.org\/{rel}","templated":true}]}}